{"id":12964,"date":"2018-09-05T21:25:16","date_gmt":"2018-09-05T19:25:16","guid":{"rendered":"https:\/\/www.city-optik-muenchen.de\/impressum\/"},"modified":"2021-05-20T16:34:22","modified_gmt":"2021-05-20T14:34:22","slug":"impressum","status":"publish","type":"page","link":"https:\/\/www.city-optik-muenchen.de\/en\/impressum\/","title":{"rendered":"Impressum"},"content":{"rendered":"<div class=\"wpb-content-wrapper\">[vc_row css=&#8221;.vc_custom_1621113472388{margin-top: 20px !important;margin-bottom: 50px !important;}&#8221;][vc_column][vc_column_text]\n<h2>Impressum<\/h2>\n[\/vc_column_text][vc_empty_space][\/vc_column][\/vc_row][vc_row][vc_column][vc_column_text]<strong>City Optik GmbH<\/strong><\/p>\n<p>Gesch\u00e4ftsf\u00fchrer: Michael Geyer, Mariella Geyer<br \/>\nSonnenstra\u00dfe 4<br \/>\n80331 M\u00fcnchen<br \/>\nTel: 089 &#8211; 55 55 92<\/p>\n<p>HRB M\u00fcnchen: HRB 101636<br \/>\nUST-ID-NR: DE 129451195<br \/>\nZust\u00e4ndige Kammer:<br \/>\nHandwerkskammer f\u00fcr M\u00fcnchen und Oberbayern<\/p>\n<p><strong>E-Mail:<\/strong> <a href=\"mailto:info@city-optik-muenchen.de\">info@city-optik-muenchen.de<\/a><br \/>\n<strong>Webadresse:<\/strong> www.city-optik-muenchen.de<\/p>\n<section>\n<hr \/>\n<p><strong>Webseitengestaltung:<\/strong> Sargut Marketing<br \/>\n<strong>Webadresse:<\/strong> <a class=\"externURL\" href=\"https:\/\/www.sargut-marketing.de\/\">www.sargut-marketing.de<\/a><\/p>\n<p><b>Bildrechte:<\/b> www.stock.adobe.com &amp; www.rodenstock.de<\/p>\n<p><b>Haftung f\u00fcr Links:<\/b> Trotz sorgf\u00e4ltiger und inhaltlicher Kontrolle \u00fcbernehmen wir kein Haftung f\u00e4r die Inhalte externer Links. F\u00fcr den Inhalt der verlinkten Seiten sind jeweils ausschlie\u00dflich deren Betreiber verantwortlich.<\/p>\n<\/section>\n[\/vc_column_text][\/vc_column][\/vc_row]\n<\/div>","protected":false},"excerpt":{"rendered":"<p>[vc_row css=&#8221;.vc_custom_1621113472388{margin-top: 20px !important;margin-bottom: 50px !important;}&#8221;][vc_column][vc_column_text] Impressum [\/vc_column_text][vc_empty_space][\/vc_column][\/vc_row][vc_row][vc_column][vc_column_text]City Optik GmbH Gesch\u00e4ftsf\u00fchrer: Michael Geyer, Mariella Geyer Sonnenstra\u00dfe 4 80331 M\u00fcnchen Tel: 089 &#8211; 55 55 92 HRB M\u00fcnchen: HRB 101636 UST-ID-NR: DE 129451195 Zust\u00e4ndige Kammer: Handwerkskammer f\u00fcr M\u00fcnchen und Oberbayern E-Mail: info@city-optik-muenchen.de Webadresse: www.city-optik-muenchen.de Webseitengestaltung: Sargut Marketing Webadresse: www.sargut-marketing.de Bildrechte: www.stock.adobe.com &amp; www.rodenstock.de Haftung f\u00fcr Links:&hellip;<\/p>\n","protected":false},"author":8,"featured_media":0,"parent":0,"menu_order":0,"comment_status":"closed","ping_status":"closed","template":"","meta":{"inline_featured_image":false,"footnotes":""},"class_list":["post-12964","page","type-page","status-publish","hentry","description-off"],"aioseo_notices":[],"_links":{"self":[{"href":"https:\/\/www.city-optik-muenchen.de\/en\/wp-json\/wp\/v2\/pages\/12964","targetHints":{"allow":["GET"]}}],"collection":[{"href":"https:\/\/www.city-optik-muenchen.de\/en\/wp-json\/wp\/v2\/pages"}],"about":[{"href":"https:\/\/www.city-optik-muenchen.de\/en\/wp-json\/wp\/v2\/types\/page"}],"author":[{"embeddable":true,"href":"https:\/\/www.city-optik-muenchen.de\/en\/wp-json\/wp\/v2\/users\/8"}],"replies":[{"embeddable":true,"href":"https:\/\/www.city-optik-muenchen.de\/en\/wp-json\/wp\/v2\/comments?post=12964"}],"version-history":[{"count":1,"href":"https:\/\/www.city-optik-muenchen.de\/en\/wp-json\/wp\/v2\/pages\/12964\/revisions"}],"predecessor-version":[{"id":12972,"href":"https:\/\/www.city-optik-muenchen.de\/en\/wp-json\/wp\/v2\/pages\/12964\/revisions\/12972"}],"wp:attachment":[{"href":"https:\/\/www.city-optik-muenchen.de\/en\/wp-json\/wp\/v2\/media?parent=12964"}],"curies":[{"name":"wp","href":"https:\/\/api.w.org\/{rel}","templated":true}]}}