{"id":2535,"date":"2018-11-30T13:22:17","date_gmt":"2018-11-30T12:22:17","guid":{"rendered":"http:\/\/co.sargut.me\/produkt\/premium-tageslinse-test\/"},"modified":"2018-11-30T13:29:02","modified_gmt":"2018-11-30T12:29:02","slug":"premium-tageslinse-test","status":"publish","type":"product","link":"https:\/\/www.city-optik-muenchen.de\/en\/produkt\/premium-tageslinse-test\/","title":{"rendered":"Premium Tageslinse TEST"},"content":{"rendered":"<p><strong>Premium Tageslinsen<\/strong><\/p>\n<p>asph\u00e4rische biokompatible Tageslinse mit UV Filter f\u00fcr eine sehr hohe Spontanvertr\u00e4glichkeit durch Hyaluron und optimaler Benetzung der Kontaktlinsen<\/p>\n<p><strong>Besonderheit:<\/strong> sehr hohe Spontanvertr\u00e4glichkeit bei trockenen Augen<\/p>\n<p>Technische Daten<br \/>\nMaterial: Hioxifilcon<br \/>\nWassergehalt: 58%<br \/>\nDk\/t: 22 (bei -3,00 dpt)<br \/>\nMittendicke: 0,09 mm (bei -3,00 dpt)<br \/>\nHandlingstint: light blue<br \/>\nUV-Filter: ja<\/p>\n<p>&nbsp;<\/p>\n","protected":false},"excerpt":{"rendered":"<p>Premium Tageslinsen asph\u00e4rische biokompatible Tageslinse mit UV Filter f\u00fcr eine sehr hohe Spontanvertr\u00e4glichkeit durch Hyaluron und optimaler Benetzung der Kontaktlinsen Besonderheit: sehr hohe Spontanvertr\u00e4glichkeit bei trockenen Augen Technische Daten Material: Hioxifilcon Wassergehalt: 58% Dk\/t: 22 (bei -3,00 dpt) Mittendicke: 0,09 mm (bei -3,00 dpt) Handlingstint: light blue UV-Filter: ja &nbsp;<\/p>\n","protected":false},"featured_media":2536,"template":"","meta":{"inline_featured_image":false},"product_brand":[],"product_cat":[54],"product_tag":[],"class_list":{"0":"post-2535","1":"product","2":"type-product","3":"status-publish","4":"has-post-thumbnail","6":"product_cat-unkategorisiert","7":"pa_handlingstint-light-blue","8":"pa_material-hioxifilcon","9":"pa_uv-filter-ja","10":"pa_wassergehalt-203","11":"description-off","12":"tm-no-options","14":"first","15":"instock","16":"taxable","17":"shipping-taxable","18":"purchasable","19":"product-type-simple"},"aioseo_notices":[],"_links":{"self":[{"href":"https:\/\/www.city-optik-muenchen.de\/en\/wp-json\/wp\/v2\/product\/2535","targetHints":{"allow":["GET"]}}],"collection":[{"href":"https:\/\/www.city-optik-muenchen.de\/en\/wp-json\/wp\/v2\/product"}],"about":[{"href":"https:\/\/www.city-optik-muenchen.de\/en\/wp-json\/wp\/v2\/types\/product"}],"wp:featuredmedia":[{"embeddable":true,"href":"https:\/\/www.city-optik-muenchen.de\/en\/wp-json\/wp\/v2\/media\/2536"}],"wp:attachment":[{"href":"https:\/\/www.city-optik-muenchen.de\/en\/wp-json\/wp\/v2\/media?parent=2535"}],"wp:term":[{"taxonomy":"product_brand","embeddable":true,"href":"https:\/\/www.city-optik-muenchen.de\/en\/wp-json\/wp\/v2\/product_brand?post=2535"},{"taxonomy":"product_cat","embeddable":true,"href":"https:\/\/www.city-optik-muenchen.de\/en\/wp-json\/wp\/v2\/product_cat?post=2535"},{"taxonomy":"product_tag","embeddable":true,"href":"https:\/\/www.city-optik-muenchen.de\/en\/wp-json\/wp\/v2\/product_tag?post=2535"}],"curies":[{"name":"wp","href":"https:\/\/api.w.org\/{rel}","templated":true}]}}